{"id":1987,"date":"2025-10-20T17:09:03","date_gmt":"2025-10-20T17:09:03","guid":{"rendered":"https:\/\/mmortgage.ca\/postulez-maintenant\/"},"modified":"2025-10-20T21:52:06","modified_gmt":"2025-10-20T21:52:06","slug":"postulez-maintenant","status":"publish","type":"page","link":"https:\/\/mmortgage.ca\/fr\/postulez-maintenant\/","title":{"rendered":"Postulez maintenant"},"content":{"rendered":"\t\t<div data-elementor-type=\"wp-page\" data-elementor-id=\"1987\" class=\"elementor elementor-1987 elementor-1938\" data-elementor-post-type=\"page\">\n\t\t\t\t\t\t<section data-particle_enable=\"false\" data-particle-mobile-disabled=\"false\" class=\"elementor-section elementor-top-section elementor-element elementor-element-14db80e elementor-section-boxed elementor-section-height-default elementor-section-height-default\" data-id=\"14db80e\" data-element_type=\"section\" data-settings=\"{&quot;background_background&quot;:&quot;classic&quot;}\">\n\t\t\t\t\t\t<div class=\"elementor-container elementor-column-gap-default\">\n\t\t\t\t\t<div class=\"elementor-column elementor-col-100 elementor-top-column elementor-element elementor-element-32c7df5\" data-id=\"32c7df5\" data-element_type=\"column\">\n\t\t\t<div class=\"elementor-widget-wrap elementor-element-populated\">\n\t\t\t\t\t\t<div class=\"elementor-element elementor-element-1ad8343 elementor-widget elementor-widget-heading\" data-id=\"1ad8343\" data-element_type=\"widget\" data-widget_type=\"heading.default\">\n\t\t\t\t<div class=\"elementor-widget-container\">\n\t\t\t\t\t<h1 class=\"elementor-heading-title elementor-size-default\">Commencez votre demande de pr\u00eat hypoth\u00e9caire d\u00e8s aujourd\u2019hui<br><br><\/h1>\t\t\t\t<\/div>\n\t\t\t\t<\/div>\n\t\t\t\t<div class=\"elementor-element elementor-element-4ba915b elementor-widget elementor-widget-html\" data-id=\"4ba915b\" data-element_type=\"widget\" data-widget_type=\"html.default\">\n\t\t\t\t<div class=\"elementor-widget-container\">\n\t\t\t\t\t<iframe src=\"https:\/\/link.clientdrive.io\/widget\/survey\/Sr2fLoHjuc4MFIwf2xYh\" style=\"border:none;width:100%;\" scrolling=\"no\" id=\"Sr2fLoHjuc4MFIwf2xYh\" title=\"survey\"><\/iframe>\n<script src=\"https:\/\/link.clientdrive.io\/js\/form_embed.js\"><\/script>\t\t\t\t<\/div>\n\t\t\t\t<\/div>\n\t\t\t\t\t<\/div>\n\t\t<\/div>\n\t\t\t\t\t<\/div>\n\t\t<\/section>\n\t\t\t\t<\/div>\n\t\t","protected":false},"excerpt":{"rendered":"<p>Commencez votre demande de pr\u00eat hypoth\u00e9caire d\u00e8s aujourd\u2019hui<\/p>\n","protected":false},"author":1,"featured_media":0,"parent":0,"menu_order":0,"comment_status":"closed","ping_status":"closed","template":"","meta":{"footnotes":""},"class_list":["post-1987","page","type-page","status-publish","hentry"],"_links":{"self":[{"href":"https:\/\/mmortgage.ca\/fr\/wp-json\/wp\/v2\/pages\/1987","targetHints":{"allow":["GET"]}}],"collection":[{"href":"https:\/\/mmortgage.ca\/fr\/wp-json\/wp\/v2\/pages"}],"about":[{"href":"https:\/\/mmortgage.ca\/fr\/wp-json\/wp\/v2\/types\/page"}],"author":[{"embeddable":true,"href":"https:\/\/mmortgage.ca\/fr\/wp-json\/wp\/v2\/users\/1"}],"replies":[{"embeddable":true,"href":"https:\/\/mmortgage.ca\/fr\/wp-json\/wp\/v2\/comments?post=1987"}],"version-history":[{"count":4,"href":"https:\/\/mmortgage.ca\/fr\/wp-json\/wp\/v2\/pages\/1987\/revisions"}],"predecessor-version":[{"id":1992,"href":"https:\/\/mmortgage.ca\/fr\/wp-json\/wp\/v2\/pages\/1987\/revisions\/1992"}],"wp:attachment":[{"href":"https:\/\/mmortgage.ca\/fr\/wp-json\/wp\/v2\/media?parent=1987"}],"curies":[{"name":"wp","href":"https:\/\/api.w.org\/{rel}","templated":true}]}}